{"id":21,"date":"2022-07-01T10:55:37","date_gmt":"2022-07-01T10:55:37","guid":{"rendered":"http:\/\/www.gmpzaidynes.lt\/about\/"},"modified":"2022-08-11T14:57:44","modified_gmt":"2022-08-11T12:57:44","slug":"programa","status":"publish","type":"page","link":"https:\/\/www.gmpzaidynes.lt\/en\/programa\/","title":{"rendered":"Program"},"content":{"rendered":"<div data-elementor-type=\"wp-page\" data-elementor-id=\"21\" class=\"elementor elementor-21\">\n\t\t\t\t\t\t<section class=\"elementor-section elementor-top-section elementor-element elementor-element-788e59e6 elementor-section-full_width elementor-section-height-default elementor-section-height-default\" data-id=\"788e59e6\" data-element_type=\"section\" data-e-type=\"section\">\n\t\t\t\t\t\t<div class=\"elementor-container elementor-column-gap-no\">\n\t\t\t\t\t<div class=\"elementor-column elementor-col-50 elementor-top-column elementor-element elementor-element-1ed113d6\" data-id=\"1ed113d6\" data-element_type=\"column\" data-e-type=\"column\">\n\t\t\t<div class=\"elementor-widget-wrap elementor-element-populated\">\n\t\t\t\t\t\t<div class=\"elementor-element elementor-element-4fe04b67 elementor-widget elementor-widget-image\" data-id=\"4fe04b67\" data-element_type=\"widget\" data-e-type=\"widget\" data-widget_type=\"image.default\">\n\t\t\t\t<div class=\"elementor-widget-container\">\n\t\t\t\t\t\t\t\t\t\t\t\t\t\t\t<img decoding=\"async\" src=\"https:\/\/www.gmpzaidynes.lt\/wp-content\/uploads\/elementor\/thumbs\/DSC_0250-min-scaled-qip254qwlaynarmpljoqxq8qz0utyt171g2kequa7g.jpg\" title=\"DSC_0250-min\" alt=\"DSC_0250-min\" loading=\"lazy\" \/>\t\t\t\t\t\t\t\t\t\t\t\t\t\t\t<\/div>\n\t\t\t\t<\/div>\n\t\t\t\t\t<\/div>\n\t\t<\/div>\n\t\t\t\t<div class=\"elementor-column elementor-col-50 elementor-top-column elementor-element elementor-element-c5b678c\" data-id=\"c5b678c\" data-element_type=\"column\" data-e-type=\"column\">\n\t\t\t<div class=\"elementor-widget-wrap elementor-element-populated\">\n\t\t\t\t\t\t<div class=\"elementor-element elementor-element-543597b2 elementor-widget elementor-widget-heading\" data-id=\"543597b2\" data-element_type=\"widget\" data-e-type=\"widget\" data-widget_type=\"heading.default\">\n\t\t\t\t<div class=\"elementor-widget-container\">\n\t\t\t\t\t<h1 class=\"elementor-heading-title elementor-size-default\">Program<\/h1>\t\t\t\t<\/div>\n\t\t\t\t<\/div>\n\t\t\t\t<div class=\"elementor-element elementor-element-3689de7c elementor-widget elementor-widget-text-editor\" data-id=\"3689de7c\" data-element_type=\"widget\" data-e-type=\"widget\" data-widget_type=\"text-editor.default\">\n\t\t\t\t<div class=\"elementor-widget-container\">\n\t\t\t\t\t\t\t\t\t<div><p><b>Day I (2022-09-15, thursday)<br \/><br \/><\/b>10.00 \u2013 12.00 Registration. Snacks.<br \/>12.00 \u2013 13.30 Introduction to the course of the Games.<br \/>13.30 \u2013 15.00 Piet\u016bs.<br \/>15.00 \u2013 16.00 Seminar.<br \/>18.00 \u2013 19.00 Grand opening. Festive EMS vehicle parade.<br \/>19.00 \u2013 21.00 Competition.<br \/>21.30 \u2013 22.30 Dinner.<br \/>22.30 \u2013 24.00 Post-competition discussion.<br \/><br \/><b>Day II (2022\u201309\u201316, friday)<br \/><br \/><\/b>07.00 \u2013 09.00 Breakfast.<br \/>09:30 \u2013 18:30 Competition.<br \/>13.00 \u2013 15.00 Lunch.<br \/>18.30 \u2013 19.30 Post-competition discussion.<br \/>20.00 Celebratory evening. Award ceremony.<br \/><br \/><b>Day III (2022\u201309\u201317, saturday)<br \/><br \/><\/b>08.00 \u2013 10.00 Breakfast.<br \/>12.00 Departure.<\/p><\/div>\t\t\t\t\t\t\t\t<\/div>\n\t\t\t\t<\/div>\n\t\t\t\t<div class=\"elementor-element elementor-element-d4360a2 elementor-widget elementor-widget-heading\" data-id=\"d4360a2\" data-element_type=\"widget\" data-e-type=\"widget\" data-widget_type=\"heading.default\">\n\t\t\t\t<div class=\"elementor-widget-container\">\n\t\t\t\t\t<h1 class=\"elementor-heading-title elementor-size-default\">Information for participants<\/h1>\t\t\t\t<\/div>\n\t\t\t\t<\/div>\n\t\t\t\t<div class=\"elementor-element elementor-element-b1e8cd3 elementor-widget elementor-widget-text-editor\" data-id=\"b1e8cd3\" data-element_type=\"widget\" data-e-type=\"widget\" data-widget_type=\"text-editor.default\">\n\t\t\t\t<div class=\"elementor-widget-container\">\n\t\t\t\t\t\t\t\t\t<p>Lithuanian EMS Games are aimed at developing professional qualification, communication and cooperation.<\/p><p>Lithuanian EMS Games are organized by \"Lietuvos greitosios medicinos pagalbos \u012fstaig\u0173 asociacija\", \"Lietuvos skubiosios medicinos draugija\", UAB \"Krizi\u0173 tyrimo centras\" and other partners.<\/p><p><b>I. TIME AND PLACE<\/b><\/p><p>Lithuanian EMS Games will be held in Kaunas on September 15 - 17, 2022. Event venue: \"Radisson Hotel Kaunas\", K. Donelai\u010dio st. 27, Kaunas<\/p><p><b>II. PARTICIPANTS OF THE GAMES<\/b><\/p><p>Requirements for the team:<br \/>\u2013 The team consists of three people. <br \/>\u2013 One member of the team is an EMS vehicle driver. <br \/>\u2013 The team has an EMS vehicle with all the specialized equipment and apparel.<br \/>\u2013 The team arrives at the scene of accident via their own EMS vehicle and equipment.<br \/>\u2013 Treatment at the scene of accident is done by the whole team, the process is examined.<br \/>\u2013 Conversing is done via radio communication.<\/p><p><b>III. Competition scenarios<\/b><\/p><p>A clinical situation is prepared for each scenario.<\/p><p>Scenarios (scenes of accident) are prepared by incorporating manikins and (or) simulated victims.<\/p><p>Medical treatment is provided in accordance with the 2020 recommendations of the AHA American Hear Association, ERC European Resuscitation Council.<\/p><p>During the medical treatment, the team carries out actions in stages. According to the situation and necessity the following actions are performed:<\/p><p>1. Primary and detailed (secondary) examination of the patient; <br \/>2. Anamnesis;<br \/>3. Establishment of the main problem;<br \/>4. Treatment;<br \/>5. Patient transportation.<\/p><p>Upon arrival at the staged scene of accident, the examiner takes 1 minute to introduce the team to the scenario.<\/p><p>Appropriate time is allocated to the completion of the scenario after which the examiner evaluates the team's performance.<\/p><p>After completion of the scenario, the examiner provides the team with information about their evaluation.<\/p><p><b>IV. EVALUATION<\/b><\/p><p>The evaluation criteria is done in accordance with 2020 recommendations of the AHA American Heart Association and the ERC European Resuscitation Council<\/p><p><b>V. EXAMINATION<\/b><\/p><p>The work of examiners is coordinated by Games' senior examiner.<\/p><p>The examination team consists of \"Krizi\u0173 tyrimo centras\" instructors certified by AHA or ERC.<\/p><p><b>VI. REGISTRATION<\/b><\/p><p>1. Apply the participant registration form by 31st of August.<\/p><p>Registration fees (2022-07-11 to 2022-08-31):<br \/>Team fee \u2013 900,00 EUR<br \/>Participant fee \u2013 200,00 EUR<\/p><p>2. Pay the Lithuanian EMS Games registration fee.<\/p><p><b>Beneficiary's account <\/b>LT484010042300860567<br \/><b>Beneficiary <\/b>Lietuvos greitosios medicinos pagalbos \u012fstaig\u0173 asociacija<br \/><b>Bank <\/b>Luminor Bank As Lietuvos skyrius<br \/><b>Bank code<\/b> 40100<\/p><p><b>VII. DECIDING THE WINNERS<\/b><\/p><p>Teams with most points accumulated will be declared winners of Lithuanian EMS Games. There will be three 1st place awards given out to large-scale EMS establishments, lesser-scale EMS establishments and guests accordingly.<\/p><p><b>VIII. FINAL PROVISIONS<\/b><\/p><p>For the questions regarding the registration of participants to Lithuanian EMS Games, send an e-mail to info@gmpzaidynes.lt<\/p><p>Send questions related to the competition scenarios via e-mail: info@gmpzaidynes.lt<\/p>\t\t\t\t\t\t\t\t<\/div>\n\t\t\t\t<\/div>\n\t\t\t\t<div class=\"elementor-element elementor-element-51701eb elementor-view-default elementor-position-block-start elementor-mobile-position-block-start elementor-widget elementor-widget-icon-box\" data-id=\"51701eb\" data-element_type=\"widget\" data-e-type=\"widget\" data-widget_type=\"icon-box.default\">\n\t\t\t\t<div class=\"elementor-widget-container\">\n\t\t\t\t\t\t\t<div class=\"elementor-icon-box-wrapper\">\n\n\t\t\t\t\t\t<div class=\"elementor-icon-box-icon\">\n\t\t\t\t<span  class=\"elementor-icon\">\n\t\t\t\t<svg xmlns=\"http:\/\/www.w3.org\/2000\/svg\" id=\"a57ec174-ff38-4389-b9d2-4eba1269329a\" data-name=\"Layer 1\" width=\"82\" height=\"67\" viewbox=\"0 0 82 67\"><path d=\"M20.3643,32.1382q0-8.7154,3.2583-12.8008Q27.1524,14.98,34.212,14.98V0Q17.3775,0,8.6887,10.0772,0,19.8821,0,37.313A104.1284,104.1284,0,0,0,4.6159,67H36.1126V37.0406H20.3643Z\"><\/path><path d=\"M66.2517,37.0406V32.1382q0-8.7154,3.2583-12.8008Q73.04,14.98,80.0994,14.98V0Q63.265,0,54.5763,10.0772q-8.6888,9.8049-8.6889,27.2358A104.1319,104.1319,0,0,0,50.5033,67H82V37.0406Z\"><\/path><\/svg>\t\t\t\t<\/span>\n\t\t\t<\/div>\n\t\t\t\n\t\t\t\t\t\t<div class=\"elementor-icon-box-content\">\n\n\t\t\t\t\t\t\t\t\t<p class=\"elementor-icon-box-title\">\n\t\t\t\t\t\t<span  >\n\t\t\t\t\t\t\t\u201cSvarbiausia \u2013 nepakenkti!\u201d\t\t\t\t\t\t<\/span>\n\t\t\t\t\t<\/p>\n\t\t\t\t\n\t\t\t\t\t\t\t\t\t<p class=\"elementor-icon-box-description\">\n\t\t\t\t\t\tHipokratas\t\t\t\t\t<\/p>\n\t\t\t\t\n\t\t\t<\/div>\n\t\t\t\n\t\t<\/div>\n\t\t\t\t\t\t<\/div>\n\t\t\t\t<\/div>\n\t\t\t\t\t<\/div>\n\t\t<\/div>\n\t\t\t\t\t<\/div>\n\t\t<\/section>\n\t\t\t\t<section class=\"elementor-section elementor-top-section elementor-element elementor-element-30428365 elementor-section-full_width elementor-section-content-middle elementor-hidden-desktop elementor-hidden-tablet elementor-hidden-mobile elementor-section-height-default elementor-section-height-default\" data-id=\"30428365\" data-element_type=\"section\" data-e-type=\"section\" data-settings=\"{&quot;background_background&quot;:&quot;classic&quot;}\">\n\t\t\t\t\t\t<div class=\"elementor-container elementor-column-gap-no\">\n\t\t\t\t\t<div class=\"elementor-column elementor-col-100 elementor-top-column elementor-element elementor-element-14380808\" data-id=\"14380808\" data-element_type=\"column\" data-e-type=\"column\">\n\t\t\t<div class=\"elementor-widget-wrap elementor-element-populated\">\n\t\t\t\t\t\t<div class=\"elementor-element elementor-element-1789fc49 elementor-widget elementor-widget-heading\" data-id=\"1789fc49\" data-element_type=\"widget\" data-e-type=\"widget\" data-widget_type=\"heading.default\">\n\t\t\t\t<div class=\"elementor-widget-container\">\n\t\t\t\t\t<h2 class=\"elementor-heading-title elementor-size-default\">Sponsors<\/h2>\t\t\t\t<\/div>\n\t\t\t\t<\/div>\n\t\t\t\t<div class=\"elementor-element elementor-element-24c41c36 elementor-widget elementor-widget-heading\" data-id=\"24c41c36\" data-element_type=\"widget\" data-e-type=\"widget\" data-widget_type=\"heading.default\">\n\t\t\t\t<div class=\"elementor-widget-container\">\n\t\t\t\t\t<h5 class=\"elementor-heading-title elementor-size-default\">This is a space to showcase any publications your work has been featured in<\/h5>\t\t\t\t<\/div>\n\t\t\t\t<\/div>\n\t\t\t\t<div class=\"elementor-element elementor-element-55832d94 elementor-widget elementor-widget-image-carousel\" data-id=\"55832d94\" data-element_type=\"widget\" data-e-type=\"widget\" data-settings=\"{&quot;slides_to_show&quot;:&quot;6&quot;,&quot;slides_to_show_tablet&quot;:&quot;3&quot;,&quot;navigation&quot;:&quot;none&quot;,&quot;pause_on_hover&quot;:&quot;no&quot;,&quot;pause_on_interaction&quot;:&quot;no&quot;,&quot;image_spacing_custom&quot;:{&quot;unit&quot;:&quot;px&quot;,&quot;size&quot;:&quot;55&quot;,&quot;sizes&quot;:[]},&quot;slides_to_scroll_tablet&quot;:&quot;1&quot;,&quot;slides_to_show_mobile&quot;:&quot;1&quot;,&quot;autoplay&quot;:&quot;yes&quot;,&quot;autoplay_speed&quot;:5000,&quot;infinite&quot;:&quot;yes&quot;,&quot;speed&quot;:500,&quot;image_spacing_custom_tablet&quot;:{&quot;unit&quot;:&quot;px&quot;,&quot;size&quot;:&quot;&quot;,&quot;sizes&quot;:[]}}\" data-widget_type=\"image-carousel.default\">\n\t\t\t\t<div class=\"elementor-widget-container\">\n\t\t\t\t\t\t\t<div class=\"elementor-image-carousel-wrapper swiper\" role=\"region\" aria-roledescription=\"carousel\" aria-label=\"Image Carousel\" dir=\"ltr\">\n\t\t\t<div class=\"elementor-image-carousel swiper-wrapper\" aria-live=\"off\">\n\t\t\t\t\t\t\t\t<div class=\"swiper-slide\" role=\"group\" aria-roledescription=\"slide\" aria-label=\"1 of 5\" data-no-translation-aria-label=\"\"><figure class=\"swiper-slide-inner\"><img decoding=\"async\" class=\"swiper-slide-image\" src=\"https:\/\/www.gmpzaidynes.lt\/wp-content\/uploads\/2022\/07\/Partners-Logo_5-13122021.svg\" alt=\"Partners-Logo_5-13122021.svg\" \/><\/figure><\/div><div class=\"swiper-slide\" role=\"group\" aria-roledescription=\"slide\" aria-label=\"2 of 5\" data-no-translation-aria-label=\"\"><figure class=\"swiper-slide-inner\"><img decoding=\"async\" class=\"swiper-slide-image\" src=\"https:\/\/www.gmpzaidynes.lt\/wp-content\/uploads\/2022\/07\/Partners-Logo_2-13122021.svg\" alt=\"Partners-Logo_2-13122021.svg\" \/><\/figure><\/div><div class=\"swiper-slide\" role=\"group\" aria-roledescription=\"slide\" aria-label=\"3 of 5\" data-no-translation-aria-label=\"\"><figure class=\"swiper-slide-inner\"><img decoding=\"async\" class=\"swiper-slide-image\" src=\"https:\/\/www.gmpzaidynes.lt\/wp-content\/uploads\/2022\/07\/Partners-Logo_1-13122021.svg\" alt=\"Partners-Logo_1-13122021.svg\" \/><\/figure><\/div><div class=\"swiper-slide\" role=\"group\" aria-roledescription=\"slide\" aria-label=\"4 of 5\" data-no-translation-aria-label=\"\"><figure class=\"swiper-slide-inner\"><img decoding=\"async\" class=\"swiper-slide-image\" src=\"https:\/\/www.gmpzaidynes.lt\/wp-content\/uploads\/2022\/07\/Partners-Logo_4-13122021.svg\" alt=\"Partners-Logo_4-13122021.svg\" \/><\/figure><\/div><div class=\"swiper-slide\" role=\"group\" aria-roledescription=\"slide\" aria-label=\"5 of 5\" data-no-translation-aria-label=\"\"><figure class=\"swiper-slide-inner\"><img decoding=\"async\" class=\"swiper-slide-image\" src=\"https:\/\/www.gmpzaidynes.lt\/wp-content\/uploads\/2022\/07\/Partners-Logo_3-13122021.svg\" alt=\"Partners-Logo_3-13122021.svg\" \/><\/figure><\/div>\t\t\t<\/div>\n\t\t\t\t\t\t\t\n\t\t\t\t\t\t\t\t\t<\/div>\n\t\t\t\t\t\t<\/div>\n\t\t\t\t<\/div>\n\t\t\t\t\t<\/div>\n\t\t<\/div>\n\t\t\t\t\t<\/div>\n\t\t<\/section>\n\t\t\t\t<section class=\"elementor-section elementor-top-section elementor-element elementor-element-39c542a0 elementor-section-full_width elementor-section-height-default elementor-section-height-default\" data-id=\"39c542a0\" data-element_type=\"section\" data-e-type=\"section\">\n\t\t\t\t\t\t<div class=\"elementor-container elementor-column-gap-no\">\n\t\t\t\t\t<div class=\"elementor-column elementor-col-100 elementor-top-column elementor-element elementor-element-4195b77\" data-id=\"4195b77\" data-element_type=\"column\" data-e-type=\"column\">\n\t\t\t<div class=\"elementor-widget-wrap elementor-element-populated\">\n\t\t\t\t\t\t<div class=\"elementor-element elementor-element-3eac4e52 elementor-widget elementor-widget-heading\" data-id=\"3eac4e52\" data-element_type=\"widget\" data-e-type=\"widget\" data-widget_type=\"heading.default\">\n\t\t\t\t<div class=\"elementor-widget-container\">\n\t\t\t\t\t<h2 class=\"elementor-heading-title elementor-size-default\">Moments from previous Games<\/h2>\t\t\t\t<\/div>\n\t\t\t\t<\/div>\n\t\t\t\t<div class=\"elementor-element elementor-element-15ad4513 elementor-widget elementor-widget-heading\" data-id=\"15ad4513\" data-element_type=\"widget\" data-e-type=\"widget\" data-widget_type=\"heading.default\">\n\t\t\t\t<div class=\"elementor-widget-container\">\n\t\t\t\t\t<h5 class=\"elementor-heading-title elementor-size-default\">Take a glimpse at the moments of previously held Lithuanian EMS Games<\/h5>\t\t\t\t<\/div>\n\t\t\t\t<\/div>\n\t\t\t\t<div class=\"elementor-element elementor-element-2ea06870 gallery-spacing-custom elementor-widget elementor-widget-image-gallery\" data-id=\"2ea06870\" data-element_type=\"widget\" data-e-type=\"widget\" data-widget_type=\"image-gallery.default\">\n\t\t\t\t<div class=\"elementor-widget-container\">\n\t\t\t\t\t\t\t<div class=\"elementor-image-gallery\">\n\t\t\t<div id='gallery-1' class='gallery galleryid-21 gallery-columns-3 gallery-size-full'><figure class='gallery-item'>\n\t\t\t<div class='gallery-icon landscape'>\n\t\t\t\t<a data-elementor-open-lightbox=\"yes\" data-elementor-lightbox-slideshow=\"2ea06870\" data-elementor-lightbox-title=\"zaidynes2018 (74)-min\" data-e-action-hash=\"#elementor-action%3Aaction%3Dlightbox%26settings%3DeyJpZCI6Mzk0LCJ1cmwiOiJodHRwczpcL1wvd3d3LmdtcHphaWR5bmVzLmx0XC93cC1jb250ZW50XC91cGxvYWRzXC8yMDIyXC8wN1wvemFpZHluZXMyMDE4LTc0LW1pbi1zY2FsZWQuanBnIiwic2xpZGVzaG93IjoiMmVhMDY4NzAifQ%3D%3D\" href='https:\/\/www.gmpzaidynes.lt\/wp-content\/uploads\/2022\/07\/zaidynes2018-74-min-scaled.jpg'><img fetchpriority=\"high\" decoding=\"async\" width=\"2560\" height=\"1714\" src=\"https:\/\/www.gmpzaidynes.lt\/wp-content\/uploads\/2022\/07\/zaidynes2018-74-min-scaled.jpg\" class=\"attachment-full size-full\" alt=\"\" srcset=\"https:\/\/www.gmpzaidynes.lt\/wp-content\/uploads\/2022\/07\/zaidynes2018-74-min-scaled.jpg 2560w, https:\/\/www.gmpzaidynes.lt\/wp-content\/uploads\/2022\/07\/zaidynes2018-74-min-300x201.jpg 300w, https:\/\/www.gmpzaidynes.lt\/wp-content\/uploads\/2022\/07\/zaidynes2018-74-min-1024x685.jpg 1024w, https:\/\/www.gmpzaidynes.lt\/wp-content\/uploads\/2022\/07\/zaidynes2018-74-min-768x514.jpg 768w, https:\/\/www.gmpzaidynes.lt\/wp-content\/uploads\/2022\/07\/zaidynes2018-74-min-1536x1028.jpg 1536w, https:\/\/www.gmpzaidynes.lt\/wp-content\/uploads\/2022\/07\/zaidynes2018-74-min-2048x1371.jpg 2048w, https:\/\/www.gmpzaidynes.lt\/wp-content\/uploads\/2022\/07\/zaidynes2018-74-min-18x12.jpg 18w\" sizes=\"(max-width: 2560px) 100vw, 2560px\" \/><\/a>\n\t\t\t<\/div><\/figure><figure class='gallery-item'>\n\t\t\t<div class='gallery-icon landscape'>\n\t\t\t\t<a data-elementor-open-lightbox=\"yes\" data-elementor-lightbox-slideshow=\"2ea06870\" data-elementor-lightbox-title=\"zaidynes2018 (21)-min\" data-e-action-hash=\"#elementor-action%3Aaction%3Dlightbox%26settings%3DeyJpZCI6MzkzLCJ1cmwiOiJodHRwczpcL1wvd3d3LmdtcHphaWR5bmVzLmx0XC93cC1jb250ZW50XC91cGxvYWRzXC8yMDIyXC8wN1wvemFpZHluZXMyMDE4LTIxLW1pbi1zY2FsZWQuanBnIiwic2xpZGVzaG93IjoiMmVhMDY4NzAifQ%3D%3D\" href='https:\/\/www.gmpzaidynes.lt\/wp-content\/uploads\/2022\/07\/zaidynes2018-21-min-scaled.jpg'><img decoding=\"async\" width=\"2560\" height=\"1714\" src=\"https:\/\/www.gmpzaidynes.lt\/wp-content\/uploads\/2022\/07\/zaidynes2018-21-min-scaled.jpg\" class=\"attachment-full size-full\" alt=\"\" srcset=\"https:\/\/www.gmpzaidynes.lt\/wp-content\/uploads\/2022\/07\/zaidynes2018-21-min-scaled.jpg 2560w, https:\/\/www.gmpzaidynes.lt\/wp-content\/uploads\/2022\/07\/zaidynes2018-21-min-300x201.jpg 300w, https:\/\/www.gmpzaidynes.lt\/wp-content\/uploads\/2022\/07\/zaidynes2018-21-min-1024x685.jpg 1024w, https:\/\/www.gmpzaidynes.lt\/wp-content\/uploads\/2022\/07\/zaidynes2018-21-min-768x514.jpg 768w, https:\/\/www.gmpzaidynes.lt\/wp-content\/uploads\/2022\/07\/zaidynes2018-21-min-1536x1028.jpg 1536w, https:\/\/www.gmpzaidynes.lt\/wp-content\/uploads\/2022\/07\/zaidynes2018-21-min-2048x1371.jpg 2048w, https:\/\/www.gmpzaidynes.lt\/wp-content\/uploads\/2022\/07\/zaidynes2018-21-min-18x12.jpg 18w\" sizes=\"(max-width: 2560px) 100vw, 2560px\" \/><\/a>\n\t\t\t<\/div><\/figure><figure class='gallery-item'>\n\t\t\t<div class='gallery-icon landscape'>\n\t\t\t\t<a data-elementor-open-lightbox=\"yes\" data-elementor-lightbox-slideshow=\"2ea06870\" data-elementor-lightbox-title=\"GMP_foto349-min\" data-e-action-hash=\"#elementor-action%3Aaction%3Dlightbox%26settings%3DeyJpZCI6MTg2LCJ1cmwiOiJodHRwczpcL1wvd3d3LmdtcHphaWR5bmVzLmx0XC93cC1jb250ZW50XC91cGxvYWRzXC8yMDIyXC8wN1wvR01QX2ZvdG8zNDktbWluLXNjYWxlZC5qcGciLCJzbGlkZXNob3ciOiIyZWEwNjg3MCJ9\" href='https:\/\/www.gmpzaidynes.lt\/wp-content\/uploads\/2022\/07\/GMP_foto349-min-scaled.jpg'><img decoding=\"async\" width=\"2560\" height=\"1707\" src=\"https:\/\/www.gmpzaidynes.lt\/wp-content\/uploads\/2022\/07\/GMP_foto349-min-scaled.jpg\" class=\"attachment-full size-full\" alt=\"\" srcset=\"https:\/\/www.gmpzaidynes.lt\/wp-content\/uploads\/2022\/07\/GMP_foto349-min-scaled.jpg 2560w, https:\/\/www.gmpzaidynes.lt\/wp-content\/uploads\/2022\/07\/GMP_foto349-min-300x200.jpg 300w, https:\/\/www.gmpzaidynes.lt\/wp-content\/uploads\/2022\/07\/GMP_foto349-min-1024x683.jpg 1024w, https:\/\/www.gmpzaidynes.lt\/wp-content\/uploads\/2022\/07\/GMP_foto349-min-768x512.jpg 768w, https:\/\/www.gmpzaidynes.lt\/wp-content\/uploads\/2022\/07\/GMP_foto349-min-1536x1024.jpg 1536w, https:\/\/www.gmpzaidynes.lt\/wp-content\/uploads\/2022\/07\/GMP_foto349-min-2048x1365.jpg 2048w, https:\/\/www.gmpzaidynes.lt\/wp-content\/uploads\/2022\/07\/GMP_foto349-min-18x12.jpg 18w\" sizes=\"(max-width: 2560px) 100vw, 2560px\" \/><\/a>\n\t\t\t<\/div><\/figure>\n\t\t<\/div>\n\t\t<\/div>\n\t\t\t\t\t\t<\/div>\n\t\t\t\t<\/div>\n\t\t\t\t<div class=\"elementor-element elementor-element-2b64b234 elementor-align-center elementor-invisible elementor-widget elementor-widget-button\" data-id=\"2b64b234\" data-element_type=\"widget\" data-e-type=\"widget\" data-settings=\"{&quot;_animation&quot;:&quot;fadeInDown&quot;}\" data-widget_type=\"button.default\">\n\t\t\t\t<div class=\"elementor-widget-container\">\n\t\t\t\t\t\t\t\t\t<div class=\"elementor-button-wrapper\">\n\t\t\t\t\t<a class=\"elementor-button elementor-button-link elementor-size-sm\" href=\"http:\/\/www.gmpzaidynes.lt\/en\/akimirkos\/\">\n\t\t\t\t\t\t<span class=\"elementor-button-content-wrapper\">\n\t\t\t\t\t\t\t\t\t<span class=\"elementor-button-text\">More<\/span>\n\t\t\t\t\t<\/span>\n\t\t\t\t\t<\/a>\n\t\t\t\t<\/div>\n\t\t\t\t\t\t\t\t<\/div>\n\t\t\t\t<\/div>\n\t\t\t\t\t<\/div>\n\t\t<\/div>\n\t\t\t\t\t<\/div>\n\t\t<\/section>\n\t\t\t\t<section class=\"elementor-section elementor-top-section elementor-element elementor-element-62117a06 elementor-section-full_width elementor-section-content-middle elementor-reverse-mobile elementor-section-height-default elementor-section-height-default\" data-id=\"62117a06\" data-element_type=\"section\" data-e-type=\"section\" data-settings=\"{&quot;background_background&quot;:&quot;classic&quot;}\">\n\t\t\t\t\t\t<div class=\"elementor-container elementor-column-gap-no\">\n\t\t\t\t\t<div class=\"elementor-column elementor-col-50 elementor-top-column elementor-element elementor-element-9189dc\" data-id=\"9189dc\" data-element_type=\"column\" data-e-type=\"column\">\n\t\t\t<div class=\"elementor-widget-wrap elementor-element-populated\">\n\t\t\t\t\t\t<div class=\"elementor-element elementor-element-15102e99 elementor-widget elementor-widget-heading\" data-id=\"15102e99\" data-element_type=\"widget\" data-e-type=\"widget\" data-widget_type=\"heading.default\">\n\t\t\t\t<div class=\"elementor-widget-container\">\n\t\t\t\t\t<h2 class=\"elementor-heading-title elementor-size-default\">Register<\/h2>\t\t\t\t<\/div>\n\t\t\t\t<\/div>\n\t\t\t\t<div class=\"elementor-element elementor-element-2cae56b8 elementor-widget elementor-widget-text-editor\" data-id=\"2cae56b8\" data-element_type=\"widget\" data-e-type=\"widget\" data-widget_type=\"text-editor.default\">\n\t\t\t\t<div class=\"elementor-widget-container\">\n\t\t\t\t\t\t\t\t\t<p>Register either your team or yourself and take part in this remarkable event.<\/p>\t\t\t\t\t\t\t\t<\/div>\n\t\t\t\t<\/div>\n\t\t\t\t<div class=\"elementor-element elementor-element-6557b051 elementor-invisible elementor-widget elementor-widget-button\" data-id=\"6557b051\" data-element_type=\"widget\" data-e-type=\"widget\" data-settings=\"{&quot;_animation&quot;:&quot;fadeInDown&quot;}\" data-widget_type=\"button.default\">\n\t\t\t\t<div class=\"elementor-widget-container\">\n\t\t\t\t\t\t\t\t\t<div class=\"elementor-button-wrapper\">\n\t\t\t\t\t<a class=\"elementor-button elementor-button-link elementor-size-sm\" href=\"http:\/\/www.gmpzaidynes.lt\/en\/registracija\/\">\n\t\t\t\t\t\t<span class=\"elementor-button-content-wrapper\">\n\t\t\t\t\t\t\t\t\t<span class=\"elementor-button-text\">Register<\/span>\n\t\t\t\t\t<\/span>\n\t\t\t\t\t<\/a>\n\t\t\t\t<\/div>\n\t\t\t\t\t\t\t\t<\/div>\n\t\t\t\t<\/div>\n\t\t\t\t\t<\/div>\n\t\t<\/div>\n\t\t\t\t<div class=\"elementor-column elementor-col-50 elementor-top-column elementor-element elementor-element-6006cc03\" data-id=\"6006cc03\" data-element_type=\"column\" data-e-type=\"column\">\n\t\t\t<div class=\"elementor-widget-wrap elementor-element-populated\">\n\t\t\t\t\t\t<div class=\"elementor-element elementor-element-254ad93e elementor-widget elementor-widget-image\" data-id=\"254ad93e\" data-element_type=\"widget\" data-e-type=\"widget\" data-widget_type=\"image.default\">\n\t\t\t\t<div class=\"elementor-widget-container\">\n\t\t\t\t\t\t\t\t\t\t\t\t\t\t\t<img loading=\"lazy\" decoding=\"async\" width=\"768\" height=\"512\" src=\"https:\/\/www.gmpzaidynes.lt\/wp-content\/uploads\/2022\/07\/GMP_foto054-min-768x512.jpg\" class=\"attachment-medium_large size-medium_large wp-image-178\" alt=\"\" srcset=\"https:\/\/www.gmpzaidynes.lt\/wp-content\/uploads\/2022\/07\/GMP_foto054-min-768x512.jpg 768w, https:\/\/www.gmpzaidynes.lt\/wp-content\/uploads\/2022\/07\/GMP_foto054-min-300x200.jpg 300w, https:\/\/www.gmpzaidynes.lt\/wp-content\/uploads\/2022\/07\/GMP_foto054-min-1024x683.jpg 1024w, https:\/\/www.gmpzaidynes.lt\/wp-content\/uploads\/2022\/07\/GMP_foto054-min-1536x1024.jpg 1536w, https:\/\/www.gmpzaidynes.lt\/wp-content\/uploads\/2022\/07\/GMP_foto054-min-2048x1365.jpg 2048w, https:\/\/www.gmpzaidynes.lt\/wp-content\/uploads\/2022\/07\/GMP_foto054-min-18x12.jpg 18w\" sizes=\"(max-width: 768px) 100vw, 768px\" \/>\t\t\t\t\t\t\t\t\t\t\t\t\t\t\t<\/div>\n\t\t\t\t<\/div>\n\t\t\t\t\t<\/div>\n\t\t<\/div>\n\t\t\t\t\t<\/div>\n\t\t<\/section>\n\t\t\t\t<\/div>","protected":false},"excerpt":{"rendered":"<p>\u017daidyni\u0173 programa I \u017eaidyni\u0173 diena (2022-09-15, ketvirtadienis) 10.00 \u2013 12.00 Dalyvi\u0173 registracija. Rytin\u0117 kava.12.00 \u2013 13.30 Supa\u017eindinimas su \u017eaidyni\u0173 eiga.13.30 \u2013 15.00 Piet\u016bs.15.00 \u2013 16.00 Pasirengimas masinei nelaim\u0117s rung\u010diai.18.00 \u2013 19.00 Atidarymas. \u0160ventinis GMP automobili\u0173 paradas.19.00 \u2013 21.00 U\u017eduo\u010di\u0173 vykdymas.21.30 \u2013 22.30 Vakarien\u0117.22.30 \u2013 24.00 U\u017eduo\u010di\u0173 aptarimas. II \u017eaidyni\u0173 diena (2022-09-16, penktadienis) 07.00 \u2013 09.00 [&hellip;]<\/p>\n","protected":false},"author":1,"featured_media":0,"parent":0,"menu_order":0,"comment_status":"closed","ping_status":"closed","template":"elementor_header_footer","meta":{"footnotes":""},"class_list":["post-21","page","type-page","status-publish","hentry"],"_links":{"self":[{"href":"https:\/\/www.gmpzaidynes.lt\/en\/wp-json\/wp\/v2\/pages\/21","targetHints":{"allow":["GET"]}}],"collection":[{"href":"https:\/\/www.gmpzaidynes.lt\/en\/wp-json\/wp\/v2\/pages"}],"about":[{"href":"https:\/\/www.gmpzaidynes.lt\/en\/wp-json\/wp\/v2\/types\/page"}],"author":[{"embeddable":true,"href":"https:\/\/www.gmpzaidynes.lt\/en\/wp-json\/wp\/v2\/users\/1"}],"replies":[{"embeddable":true,"href":"https:\/\/www.gmpzaidynes.lt\/en\/wp-json\/wp\/v2\/comments?post=21"}],"version-history":[{"count":97,"href":"https:\/\/www.gmpzaidynes.lt\/en\/wp-json\/wp\/v2\/pages\/21\/revisions"}],"predecessor-version":[{"id":503,"href":"https:\/\/www.gmpzaidynes.lt\/en\/wp-json\/wp\/v2\/pages\/21\/revisions\/503"}],"wp:attachment":[{"href":"https:\/\/www.gmpzaidynes.lt\/en\/wp-json\/wp\/v2\/media?parent=21"}],"curies":[{"name":"wp","href":"https:\/\/api.w.org\/{rel}","templated":true}]}}