{"id":14,"date":"2022-07-01T10:55:36","date_gmt":"2022-07-01T10:55:36","guid":{"rendered":"http:\/\/www.gmpzaidynes.lt\/contact\/"},"modified":"2022-07-19T14:26:30","modified_gmt":"2022-07-19T12:26:30","slug":"kontaktai","status":"publish","type":"page","link":"https:\/\/www.gmpzaidynes.lt\/en\/kontaktai\/","title":{"rendered":"Contacts"},"content":{"rendered":"<div data-elementor-type=\"wp-page\" data-elementor-id=\"14\" class=\"elementor elementor-14\">\n\t\t\t\t\t\t<section class=\"elementor-section elementor-top-section elementor-element elementor-element-59cd853f elementor-section-height-min-height elementor-section-boxed elementor-section-height-default elementor-section-items-middle\" data-id=\"59cd853f\" data-element_type=\"section\" data-e-type=\"section\" data-settings=\"{&quot;background_background&quot;:&quot;classic&quot;}\">\n\t\t\t\t\t\t<div class=\"elementor-container elementor-column-gap-no\">\n\t\t\t\t\t<div class=\"elementor-column elementor-col-100 elementor-top-column elementor-element elementor-element-304b615c\" data-id=\"304b615c\" data-element_type=\"column\" data-e-type=\"column\">\n\t\t\t<div class=\"elementor-widget-wrap elementor-element-populated\">\n\t\t\t\t\t\t<div class=\"elementor-element elementor-element-755c9862 elementor-widget elementor-widget-heading\" data-id=\"755c9862\" data-element_type=\"widget\" data-e-type=\"widget\" data-widget_type=\"heading.default\">\n\t\t\t\t<div class=\"elementor-widget-container\">\n\t\t\t\t\t<h1 class=\"elementor-heading-title elementor-size-default\">Contacts<\/h1>\t\t\t\t<\/div>\n\t\t\t\t<\/div>\n\t\t\t\t<section class=\"elementor-section elementor-inner-section elementor-element elementor-element-736ccc83 elementor-section-boxed elementor-section-height-default elementor-section-height-default\" data-id=\"736ccc83\" data-element_type=\"section\" data-e-type=\"section\">\n\t\t\t\t\t\t<div class=\"elementor-container elementor-column-gap-no\">\n\t\t\t\t\t<div class=\"elementor-column elementor-col-100 elementor-inner-column elementor-element elementor-element-59555d67\" data-id=\"59555d67\" data-element_type=\"column\" data-e-type=\"column\">\n\t\t\t<div class=\"elementor-widget-wrap elementor-element-populated\">\n\t\t\t\t\t\t<div class=\"elementor-element elementor-element-4882741f elementor-widget elementor-widget-text-editor\" data-id=\"4882741f\" data-element_type=\"widget\" data-e-type=\"widget\" data-widget_type=\"text-editor.default\">\n\t\t\t\t<div class=\"elementor-widget-container\">\n\t\t\t\t\t\t\t\t\t<p>In case you would like to ask or inquire,<br \/>do not hesitate to call or write us!<\/p>\t\t\t\t\t\t\t\t<\/div>\n\t\t\t\t<\/div>\n\t\t\t\t<div class=\"elementor-element elementor-element-139d85a9 elementor-widget-divider--view-line elementor-widget elementor-widget-divider\" data-id=\"139d85a9\" data-element_type=\"widget\" data-e-type=\"widget\" data-widget_type=\"divider.default\">\n\t\t\t\t<div class=\"elementor-widget-container\">\n\t\t\t\t\t\t\t<div class=\"elementor-divider\">\n\t\t\t<span class=\"elementor-divider-separator\">\n\t\t\t\t\t\t<\/span>\n\t\t<\/div>\n\t\t\t\t\t\t<\/div>\n\t\t\t\t<\/div>\n\t\t\t\t<div class=\"elementor-element elementor-element-21ea53d elementor-align-center elementor-icon-list--layout-traditional elementor-list-item-link-full_width elementor-widget elementor-widget-icon-list\" data-id=\"21ea53d\" data-element_type=\"widget\" data-e-type=\"widget\" data-widget_type=\"icon-list.default\">\n\t\t\t\t<div class=\"elementor-widget-container\">\n\t\t\t\t\t\t\t<ul class=\"elementor-icon-list-items\">\n\t\t\t\t\t\t\t<li class=\"elementor-icon-list-item\">\n\t\t\t\t\t\t\t\t\t\t\t<span class=\"elementor-icon-list-icon\">\n\t\t\t\t\t\t\t<i aria-hidden=\"true\" class=\"fas fa-phone-alt\"><\/i>\t\t\t\t\t\t<\/span>\n\t\t\t\t\t\t\t\t\t\t<span class=\"elementor-icon-list-text\">+370 374 08 679<\/span>\n\t\t\t\t\t\t\t\t\t<\/li>\n\t\t\t\t\t\t\t\t<li class=\"elementor-icon-list-item\">\n\t\t\t\t\t\t\t\t\t\t\t<span class=\"elementor-icon-list-icon\">\n\t\t\t\t\t\t\t<i aria-hidden=\"true\" class=\"far fa-envelope-open\"><\/i>\t\t\t\t\t\t<\/span>\n\t\t\t\t\t\t\t\t\t\t<span class=\"elementor-icon-list-text\">info@gmpzaidynes.lt<\/span>\n\t\t\t\t\t\t\t\t\t<\/li>\n\t\t\t\t\t\t<\/ul>\n\t\t\t\t\t\t<\/div>\n\t\t\t\t<\/div>\n\t\t\t\t\t<\/div>\n\t\t<\/div>\n\t\t\t\t\t<\/div>\n\t\t<\/section>\n\t\t\t\t\t<\/div>\n\t\t<\/div>\n\t\t\t\t\t<\/div>\n\t\t<\/section>\n\t\t\t\t<section class=\"elementor-section elementor-top-section elementor-element elementor-element-6b6b0606 elementor-section-full_width elementor-section-height-default elementor-section-height-default\" data-id=\"6b6b0606\" data-element_type=\"section\" data-e-type=\"section\">\n\t\t\t\t\t\t<div class=\"elementor-container elementor-column-gap-no\">\n\t\t\t\t\t<div class=\"elementor-column elementor-col-100 elementor-top-column elementor-element elementor-element-6f46df1e\" data-id=\"6f46df1e\" data-element_type=\"column\" data-e-type=\"column\">\n\t\t\t<div class=\"elementor-widget-wrap elementor-element-populated\">\n\t\t\t\t\t\t<div class=\"elementor-element elementor-element-7f87aff elementor-widget elementor-widget-heading\" data-id=\"7f87aff\" data-element_type=\"widget\" data-e-type=\"widget\" data-widget_type=\"heading.default\">\n\t\t\t\t<div class=\"elementor-widget-container\">\n\t\t\t\t\t<h2 class=\"elementor-heading-title elementor-size-default\">Moments from previous Games<\/h2>\t\t\t\t<\/div>\n\t\t\t\t<\/div>\n\t\t\t\t<div class=\"elementor-element elementor-element-317626e2 elementor-widget elementor-widget-heading\" data-id=\"317626e2\" data-element_type=\"widget\" data-e-type=\"widget\" data-widget_type=\"heading.default\">\n\t\t\t\t<div class=\"elementor-widget-container\">\n\t\t\t\t\t<h5 class=\"elementor-heading-title elementor-size-default\">Take a glimpse at the moments of previously held Lithuanian EMS Games<\/h5>\t\t\t\t<\/div>\n\t\t\t\t<\/div>\n\t\t\t\t<div class=\"elementor-element elementor-element-5429ecd2 gallery-spacing-custom elementor-widget elementor-widget-image-gallery\" data-id=\"5429ecd2\" data-element_type=\"widget\" data-e-type=\"widget\" data-widget_type=\"image-gallery.default\">\n\t\t\t\t<div class=\"elementor-widget-container\">\n\t\t\t\t\t\t\t<div class=\"elementor-image-gallery\">\n\t\t\t<div id='gallery-1' class='gallery galleryid-14 gallery-columns-3 gallery-size-full'><figure class='gallery-item'>\n\t\t\t<div class='gallery-icon landscape'>\n\t\t\t\t<a data-elementor-open-lightbox=\"yes\" data-elementor-lightbox-slideshow=\"5429ecd2\" data-elementor-lightbox-title=\"IMG_2029-min\" data-e-action-hash=\"#elementor-action%3Aaction%3Dlightbox%26settings%3DeyJpZCI6Mzg1LCJ1cmwiOiJodHRwczpcL1wvd3d3LmdtcHphaWR5bmVzLmx0XC93cC1jb250ZW50XC91cGxvYWRzXC8yMDIyXC8wN1wvSU1HXzIwMjktbWluLXNjYWxlZC5qcGciLCJzbGlkZXNob3ciOiI1NDI5ZWNkMiJ9\" href='https:\/\/www.gmpzaidynes.lt\/wp-content\/uploads\/2022\/07\/IMG_2029-min-scaled.jpg'><img fetchpriority=\"high\" decoding=\"async\" width=\"2560\" height=\"1707\" src=\"https:\/\/www.gmpzaidynes.lt\/wp-content\/uploads\/2022\/07\/IMG_2029-min-scaled.jpg\" class=\"attachment-full size-full\" alt=\"\" srcset=\"https:\/\/www.gmpzaidynes.lt\/wp-content\/uploads\/2022\/07\/IMG_2029-min-scaled.jpg 2560w, https:\/\/www.gmpzaidynes.lt\/wp-content\/uploads\/2022\/07\/IMG_2029-min-300x200.jpg 300w, https:\/\/www.gmpzaidynes.lt\/wp-content\/uploads\/2022\/07\/IMG_2029-min-1024x683.jpg 1024w, https:\/\/www.gmpzaidynes.lt\/wp-content\/uploads\/2022\/07\/IMG_2029-min-768x512.jpg 768w, https:\/\/www.gmpzaidynes.lt\/wp-content\/uploads\/2022\/07\/IMG_2029-min-1536x1024.jpg 1536w, https:\/\/www.gmpzaidynes.lt\/wp-content\/uploads\/2022\/07\/IMG_2029-min-2048x1365.jpg 2048w, https:\/\/www.gmpzaidynes.lt\/wp-content\/uploads\/2022\/07\/IMG_2029-min-18x12.jpg 18w\" sizes=\"(max-width: 2560px) 100vw, 2560px\" \/><\/a>\n\t\t\t<\/div><\/figure><figure class='gallery-item'>\n\t\t\t<div class='gallery-icon landscape'>\n\t\t\t\t<a data-elementor-open-lightbox=\"yes\" data-elementor-lightbox-slideshow=\"5429ecd2\" data-elementor-lightbox-title=\"GMP_foto348-min\" data-e-action-hash=\"#elementor-action%3Aaction%3Dlightbox%26settings%3DeyJpZCI6MTg1LCJ1cmwiOiJodHRwczpcL1wvd3d3LmdtcHphaWR5bmVzLmx0XC93cC1jb250ZW50XC91cGxvYWRzXC8yMDIyXC8wN1wvR01QX2ZvdG8zNDgtbWluLXNjYWxlZC5qcGciLCJzbGlkZXNob3ciOiI1NDI5ZWNkMiJ9\" href='https:\/\/www.gmpzaidynes.lt\/wp-content\/uploads\/2022\/07\/GMP_foto348-min-scaled.jpg'><img decoding=\"async\" width=\"2560\" height=\"1707\" src=\"https:\/\/www.gmpzaidynes.lt\/wp-content\/uploads\/2022\/07\/GMP_foto348-min-scaled.jpg\" class=\"attachment-full size-full\" alt=\"\" srcset=\"https:\/\/www.gmpzaidynes.lt\/wp-content\/uploads\/2022\/07\/GMP_foto348-min-scaled.jpg 2560w, https:\/\/www.gmpzaidynes.lt\/wp-content\/uploads\/2022\/07\/GMP_foto348-min-300x200.jpg 300w, https:\/\/www.gmpzaidynes.lt\/wp-content\/uploads\/2022\/07\/GMP_foto348-min-1024x683.jpg 1024w, https:\/\/www.gmpzaidynes.lt\/wp-content\/uploads\/2022\/07\/GMP_foto348-min-768x512.jpg 768w, https:\/\/www.gmpzaidynes.lt\/wp-content\/uploads\/2022\/07\/GMP_foto348-min-1536x1024.jpg 1536w, https:\/\/www.gmpzaidynes.lt\/wp-content\/uploads\/2022\/07\/GMP_foto348-min-2048x1365.jpg 2048w, https:\/\/www.gmpzaidynes.lt\/wp-content\/uploads\/2022\/07\/GMP_foto348-min-18x12.jpg 18w\" sizes=\"(max-width: 2560px) 100vw, 2560px\" \/><\/a>\n\t\t\t<\/div><\/figure><figure class='gallery-item'>\n\t\t\t<div class='gallery-icon landscape'>\n\t\t\t\t<a data-elementor-open-lightbox=\"yes\" data-elementor-lightbox-slideshow=\"5429ecd2\" data-elementor-lightbox-title=\"zaidynes2018 (13)-min\" data-e-action-hash=\"#elementor-action%3Aaction%3Dlightbox%26settings%3DeyJpZCI6MzkyLCJ1cmwiOiJodHRwczpcL1wvd3d3LmdtcHphaWR5bmVzLmx0XC93cC1jb250ZW50XC91cGxvYWRzXC8yMDIyXC8wN1wvemFpZHluZXMyMDE4LTEzLW1pbi1zY2FsZWQuanBnIiwic2xpZGVzaG93IjoiNTQyOWVjZDIifQ%3D%3D\" href='https:\/\/www.gmpzaidynes.lt\/wp-content\/uploads\/2022\/07\/zaidynes2018-13-min-scaled.jpg'><img decoding=\"async\" width=\"2560\" height=\"1714\" src=\"https:\/\/www.gmpzaidynes.lt\/wp-content\/uploads\/2022\/07\/zaidynes2018-13-min-scaled.jpg\" class=\"attachment-full size-full\" alt=\"\" srcset=\"https:\/\/www.gmpzaidynes.lt\/wp-content\/uploads\/2022\/07\/zaidynes2018-13-min-scaled.jpg 2560w, https:\/\/www.gmpzaidynes.lt\/wp-content\/uploads\/2022\/07\/zaidynes2018-13-min-300x201.jpg 300w, https:\/\/www.gmpzaidynes.lt\/wp-content\/uploads\/2022\/07\/zaidynes2018-13-min-1024x685.jpg 1024w, https:\/\/www.gmpzaidynes.lt\/wp-content\/uploads\/2022\/07\/zaidynes2018-13-min-768x514.jpg 768w, https:\/\/www.gmpzaidynes.lt\/wp-content\/uploads\/2022\/07\/zaidynes2018-13-min-1536x1028.jpg 1536w, https:\/\/www.gmpzaidynes.lt\/wp-content\/uploads\/2022\/07\/zaidynes2018-13-min-2048x1371.jpg 2048w, https:\/\/www.gmpzaidynes.lt\/wp-content\/uploads\/2022\/07\/zaidynes2018-13-min-18x12.jpg 18w\" sizes=\"(max-width: 2560px) 100vw, 2560px\" \/><\/a>\n\t\t\t<\/div><\/figure>\n\t\t<\/div>\n\t\t<\/div>\n\t\t\t\t\t\t<\/div>\n\t\t\t\t<\/div>\n\t\t\t\t\t<\/div>\n\t\t<\/div>\n\t\t\t\t\t<\/div>\n\t\t<\/section>\n\t\t\t\t<\/div>","protected":false},"excerpt":{"rendered":"<p>Kontaktai Norite paklausti ar pasidom\u0117ti,nedvejodami skambinkite arba ra\u0161ykite mums! +370 374 08 679 info@gmpzaidynes.lt Ankstesni\u0173 \u017eaidyni\u0173 akimirkos Susipa\u017einkite su vykusi\u0173 Lietuvos greitosios medicinos pagalbos \u017eaidyni\u0173 akimirkomis<\/p>","protected":false},"author":1,"featured_media":0,"parent":0,"menu_order":0,"comment_status":"closed","ping_status":"closed","template":"elementor_header_footer","meta":{"footnotes":""},"class_list":["post-14","page","type-page","status-publish","hentry"],"_links":{"self":[{"href":"https:\/\/www.gmpzaidynes.lt\/en\/wp-json\/wp\/v2\/pages\/14","targetHints":{"allow":["GET"]}}],"collection":[{"href":"https:\/\/www.gmpzaidynes.lt\/en\/wp-json\/wp\/v2\/pages"}],"about":[{"href":"https:\/\/www.gmpzaidynes.lt\/en\/wp-json\/wp\/v2\/types\/page"}],"author":[{"embeddable":true,"href":"https:\/\/www.gmpzaidynes.lt\/en\/wp-json\/wp\/v2\/users\/1"}],"replies":[{"embeddable":true,"href":"https:\/\/www.gmpzaidynes.lt\/en\/wp-json\/wp\/v2\/comments?post=14"}],"version-history":[{"count":28,"href":"https:\/\/www.gmpzaidynes.lt\/en\/wp-json\/wp\/v2\/pages\/14\/revisions"}],"predecessor-version":[{"id":483,"href":"https:\/\/www.gmpzaidynes.lt\/en\/wp-json\/wp\/v2\/pages\/14\/revisions\/483"}],"wp:attachment":[{"href":"https:\/\/www.gmpzaidynes.lt\/en\/wp-json\/wp\/v2\/media?parent=14"}],"curies":[{"name":"wp","href":"https:\/\/api.w.org\/{rel}","templated":true}]}}