{"id":285,"date":"2022-07-10T16:31:06","date_gmt":"2022-07-10T16:31:06","guid":{"rendered":"http:\/\/www.gmpzaidynes.lt\/?page_id=285"},"modified":"2022-07-11T08:11:52","modified_gmt":"2022-07-11T08:11:52","slug":"privatumo-politika","status":"publish","type":"page","link":"http:\/\/www.gmpzaidynes.lt\/en\/privatumo-politika\/","title":{"rendered":"Privacy policy"},"content":{"rendered":"<div data-elementor-type=\"wp-page\" data-elementor-id=\"285\" class=\"elementor elementor-285\">\n\t\t\t\t\t\t<section class=\"elementor-section elementor-top-section elementor-element elementor-element-7a2cb7b3 elementor-section-full_width elementor-section-height-default elementor-section-height-default\" data-id=\"7a2cb7b3\" data-element_type=\"section\" data-e-type=\"section\">\n\t\t\t\t\t\t<div class=\"elementor-container elementor-column-gap-no\">\n\t\t\t\t\t<div class=\"elementor-column elementor-col-50 elementor-top-column elementor-element elementor-element-7df9d2e\" data-id=\"7df9d2e\" data-element_type=\"column\" data-e-type=\"column\">\n\t\t\t<div class=\"elementor-widget-wrap elementor-element-populated\">\n\t\t\t\t\t\t<div class=\"elementor-element elementor-element-10eaee19 elementor-widget elementor-widget-image\" data-id=\"10eaee19\" data-element_type=\"widget\" data-e-type=\"widget\" data-widget_type=\"image.default\">\n\t\t\t\t<div class=\"elementor-widget-container\">\n\t\t\t\t\t\t\t\t\t\t\t\t\t\t\t<img fetchpriority=\"high\" decoding=\"async\" width=\"2560\" height=\"1707\" src=\"https:\/\/www.gmpzaidynes.lt\/wp-content\/uploads\/2022\/07\/GMP_foto120-min-scaled.jpg\" class=\"attachment-full size-full wp-image-182\" alt=\"\" srcset=\"https:\/\/www.gmpzaidynes.lt\/wp-content\/uploads\/2022\/07\/GMP_foto120-min-scaled.jpg 2560w, https:\/\/www.gmpzaidynes.lt\/wp-content\/uploads\/2022\/07\/GMP_foto120-min-300x200.jpg 300w, https:\/\/www.gmpzaidynes.lt\/wp-content\/uploads\/2022\/07\/GMP_foto120-min-1024x683.jpg 1024w, https:\/\/www.gmpzaidynes.lt\/wp-content\/uploads\/2022\/07\/GMP_foto120-min-768x512.jpg 768w, https:\/\/www.gmpzaidynes.lt\/wp-content\/uploads\/2022\/07\/GMP_foto120-min-1536x1024.jpg 1536w, https:\/\/www.gmpzaidynes.lt\/wp-content\/uploads\/2022\/07\/GMP_foto120-min-2048x1365.jpg 2048w, https:\/\/www.gmpzaidynes.lt\/wp-content\/uploads\/2022\/07\/GMP_foto120-min-18x12.jpg 18w\" sizes=\"(max-width: 2560px) 100vw, 2560px\" \/>\t\t\t\t\t\t\t\t\t\t\t\t\t\t\t<\/div>\n\t\t\t\t<\/div>\n\t\t\t\t\t<\/div>\n\t\t<\/div>\n\t\t\t\t<div class=\"elementor-column elementor-col-50 elementor-top-column elementor-element elementor-element-9c623a8\" data-id=\"9c623a8\" data-element_type=\"column\" data-e-type=\"column\">\n\t\t\t<div class=\"elementor-widget-wrap elementor-element-populated\">\n\t\t\t\t\t\t<div class=\"elementor-element elementor-element-2555c197 elementor-widget elementor-widget-heading\" data-id=\"2555c197\" data-element_type=\"widget\" data-e-type=\"widget\" data-widget_type=\"heading.default\">\n\t\t\t\t<div class=\"elementor-widget-container\">\n\t\t\t\t\t<h1 class=\"elementor-heading-title elementor-size-default\">Privacy policy<\/h1>\t\t\t\t<\/div>\n\t\t\t\t<\/div>\n\t\t\t\t<div class=\"elementor-element elementor-element-bfd1293 elementor-widget elementor-widget-text-editor\" data-id=\"bfd1293\" data-element_type=\"widget\" data-e-type=\"widget\" data-widget_type=\"text-editor.default\">\n\t\t\t\t<div class=\"elementor-widget-container\">\n\t\t\t\t\t\t\t\t\t<p><b>General information<\/b><\/p><p>This privacy and cookies policy of the www.gmp\u017eaidyn\u0117s.lt \/ www.gmpzaidynes.lt website applies only in those cases when you visit the website of \"Lietuvos greitosios medicinos pagalbos \u012fstaig\u0173 asociacija\" www.gmp\u017eaidyn\u0117s.lt \/ www.gmpzaidynes.lt. The policy does not apply in case of browsing the pages of other organizations by accessing them through the website www.gmp\u017eaidyn\u0117s.lt \/ www.gmpzaidynes.lt.<\/p><p>Collection of personal data of our website visitors is being done in accordance with the 2016 April 27 Regulation (EU) 2016\/679 of the European Parliament and of the Council on the protection of natural persons in the processing of personal data and on the free movement of such data and which repeals Directive 95\/46\/EC (General Data Protection Regulation) (OJ 2016 L 119, p. 1), Clause c) of Article 6, the Law on Legal Protection of Personal Data of the Republic of Lithuania, the Law on Electronic Communications of the Republic of Lithuania, the procedure and recommendations of other related legal acts.<\/p><p>On this website, we collect only the personal data that you provide yourself or that is recorded by the cookies used by our website, for the purpose of organizing Lithuanian EMS Games (for the purpose of raising professional qualification).<\/p><p>By registering to Lithuanian EMS Games, you provide us with the following general personal data:<\/p><p>a) when registering a team: name of the team, represented organization, name and surname of the contact person, position of the contact person in the organization, e-mail address of the contact person. e-mail address, telephone number of the contact person, first and last names of team members, dates of birth of team members, positions of team members in the organization, phone numbers of team members, e-mails of team members e-mail addresses, accommodation option chosen by team members, additional information, confirmation of agreement with the terms of the privacy policy.<\/p><p>b) when registering a participant: name and surname, date of birth, represented organization, position in the organization, phone number, e-mail postal address, selected accommodation option, additional information, confirmation of agreement with the terms of the privacy policy.<\/p><p>We store the information specified above for 10 years.<\/p><p><b>Third party websites, services on our websites<\/b><\/p><p>The Data Controller's website may contain third-party banners, links to their websites and services over which the Data Controller has no control. The data controller is not responsible for the security and privacy of information collected by third parties. You must read the privacy statements that apply to third-party websites and services you use.<br \/>Cookies<\/p><p>When you visit the Data Controller's website, we want to provide content and features that are tailored to your needs. Cookies are required for this. These are small pieces of information that are automatically generated when you browse the website and are stored on your computer or other end-device. They help the Data Controller to recognize you as a previous visitor to a certain website, to save the history of your visit to the website and to adapt the content accordingly. Also, cookies help ensure the smooth operation of websites, allow you to monitor the duration and frequency of visiting websites and collect statistical information about the number of website visitors.<\/p><p><b>How to manage and delete cookies<\/b><\/p><p>When you use your browser to access content we provide, you can configure your browser to accept all cookies, reject all cookies, or notify you when a cookie is being sent. Every browser is different, so if you don't know how to change your cookie settings, check its help menu. Your device's operating system may have additional cookie controls. If you do not want information to be collected with the help of cookies, use the simple procedure available in most browsers that allows you to refuse the use of cookies. To learn more about how to manage cookies, visit: http:\/\/www.allaboutcookies.org\/manage-cookies\/.<\/p><p>However, please note, that in some cases, deleting cookies may slow down your internet browsing speed, limit the functionality of certain website functions or block access to the website.<\/p><p>Our website may contain links to websites of other individuals, companies or organizations. Please note that the Data Controller is not responsible for the content of such websites or the privacy principles used by them. Therefore, if you click on a link from the Data Controller's website to access other websites, you should read their Privacy Policy separately.<\/p><p><b>Reach out to us<\/b><\/p><p>If you have any questions regarding the information provided in this Privacy Policy, please feel free to contact us in either way convenient for you:<\/p><p>Via mail: Vyturio st. 15-16, Klaip\u0117da<br \/>Via e-mail: info@gmpzaidynes.lt<\/p>\t\t\t\t\t\t\t\t<\/div>\n\t\t\t\t<\/div>\n\t\t\t\t\t<\/div>\n\t\t<\/div>\n\t\t\t\t\t<\/div>\n\t\t<\/section>\n\t\t\t\t<\/div>","protected":false},"excerpt":{"rendered":"<p>Privatumo politika Bendroji informacija \u0160i www.gmp\u017eaidyn\u0117s.lt \/ www.gmpzaidynes.lt interneto svetain\u0117s privatumo ir slapuk\u0173 politika taikoma tais atvejais, kai J\u016bs lankot\u0117s Lietuvos greitosios medicinos pagalbos \u012fstaig\u0173 asociacijos interneto svetain\u0117je www.gmp\u017eaidyn\u0117s.lt \/ www.gmpzaidynes.lt. Politika netaikoma jei nar\u0161ote kit\u0173 institucij\u0173 puslapiuose patekdami \u012f jas per interneto svetain\u0119 www.gmp\u017eaidyn\u0117s.lt \/ www.gmpzaidynes.lt. M\u016bs\u0173 interneto svetain\u0117s lankytoj\u0173 asmens duomenys renkame vadovaujantis [&hellip;]<\/p>\n","protected":false},"author":1,"featured_media":0,"parent":0,"menu_order":0,"comment_status":"closed","ping_status":"closed","template":"elementor_header_footer","meta":{"footnotes":""},"class_list":["post-285","page","type-page","status-publish","hentry"],"_links":{"self":[{"href":"http:\/\/www.gmpzaidynes.lt\/en\/wp-json\/wp\/v2\/pages\/285","targetHints":{"allow":["GET"]}}],"collection":[{"href":"http:\/\/www.gmpzaidynes.lt\/en\/wp-json\/wp\/v2\/pages"}],"about":[{"href":"http:\/\/www.gmpzaidynes.lt\/en\/wp-json\/wp\/v2\/types\/page"}],"author":[{"embeddable":true,"href":"http:\/\/www.gmpzaidynes.lt\/en\/wp-json\/wp\/v2\/users\/1"}],"replies":[{"embeddable":true,"href":"http:\/\/www.gmpzaidynes.lt\/en\/wp-json\/wp\/v2\/comments?post=285"}],"version-history":[{"count":25,"href":"http:\/\/www.gmpzaidynes.lt\/en\/wp-json\/wp\/v2\/pages\/285\/revisions"}],"predecessor-version":[{"id":374,"href":"http:\/\/www.gmpzaidynes.lt\/en\/wp-json\/wp\/v2\/pages\/285\/revisions\/374"}],"wp:attachment":[{"href":"http:\/\/www.gmpzaidynes.lt\/en\/wp-json\/wp\/v2\/media?parent=285"}],"curies":[{"name":"wp","href":"https:\/\/api.w.org\/{rel}","templated":true}]}}